{"id":1093,"date":"2025-07-05T09:34:08","date_gmt":"2025-07-05T09:34:08","guid":{"rendered":"https:\/\/miao-fa.de\/dharma-texts\/"},"modified":"2026-04-12T13:39:44","modified_gmt":"2026-04-12T13:39:44","slug":"dharma-texts","status":"publish","type":"page","link":"https:\/\/miao-fa.de\/en\/dharma-texts\/","title":{"rendered":"Dharma Texts"},"content":{"rendered":"\n<h2 class=\"wp-block-heading\">1. Sutren und Texte alter Meister<\/h2>\n\n<ul class=\"wp-block-list\">\n<li><a href=\"http:\/\/new.miao-fa.de\/wp-content\/uploads\/2025\/10\/Herzsutra-2S-V5.pdf\" data-type=\"attachment\" data-id=\"225\" target=\"_blank\" rel=\"noreferrer noopener\">Das Herz <\/a><a href=\"https:\/\/miao-fa.de\/wp-content\/uploads\/2025\/10\/Herzsutra-2S-V5.pdf\" data-type=\"attachment\" data-id=\"225\" target=\"_blank\" rel=\"noreferrer noopener\">Sutra<\/a><a href=\"http:\/\/new.miao-fa.de\/wp-content\/uploads\/2025\/10\/Herzsutra-2S-V5.pdf\" data-type=\"attachment\" data-id=\"225\" target=\"_blank\" rel=\"noreferrer noopener\"> (PDF)<\/a><\/li>\n\n\n\n<li><a href=\"https:\/\/miao-fa.de\/das-prajnaparamita-herzsutra\/\" data-type=\"post\" data-id=\"1009\">Das Prajnaparamita Herzsutra<\/a><\/li>\n\n\n\n<li><a href=\"https:\/\/miao-fa.de\/en\/sutra-ueber-die-acht-erkenntnisse-grosser-wesen\/\" data-type=\"post\" data-id=\"317\">Sutra \u00fcber die acht Erkenntnisse gro\u00dfer Wesen<\/a><\/li>\n\n\n\n<li><a href=\"https:\/\/miao-fa.de\/die-essenz-der-mahayana-praxis\/\" data-type=\"post\" data-id=\"180\">Bodhidharma: Die Essenz der Mahayana Praxis<\/a><\/li>\n\n\n\n<li><a href=\"https:\/\/miao-fa.de\/bodhidharma-sprueche\/\" data-type=\"post\" data-id=\"999\">Bodhidharma: Spr\u00fcche<\/a><\/li>\n\n\n\n<li><a href=\"https:\/\/miao-fa.de\/en\/metta-sutta\/\" data-type=\"post\" data-id=\"312\">Metta Sutta<\/a><\/li>\n\n\n\n<li><a href=\"https:\/\/miao-fa.de\/avatamsaka-sutra-die-10-grossen-geloebnisse-von-bodhisattva-samantabhadra\/\" data-type=\"post\" data-id=\"1005\">Avatamsaka Sutra \u2013 Die 10 gro\u00dfen Gel\u00f6bnisse von Bodhisattva Samantabhadra<\/a><\/li>\n\n\n\n<li><a href=\"https:\/\/miao-fa.de\/reue-verse\/\" data-type=\"post\" data-id=\"1013\">Reue Verse<\/a><\/li>\n<\/ul>\n\n<h2 class=\"wp-block-heading\">2. Artikel Shifu Simplicity<\/h2>\n\n<ul class=\"wp-block-list\">\n<li><a href=\"https:\/\/miao-fa.de\/vom-fehler-zum-neuanfang-oops-ein-fehler\/\" data-type=\"post\" data-id=\"280\">Vom Fehler zum Neuanfang<\/a><\/li>\n\n\n\n<li><a href=\"https:\/\/miao-fa.de\/en\/im-einklang-mit-buddha\/\" data-type=\"post\" data-id=\"246\">Im Einklang mit Buddha<\/a><\/li>\n\n\n\n<li><a href=\"https:\/\/miao-fa.de\/smartes-ding-oder-weiser-mensch\/\" data-type=\"post\" data-id=\"677\">Smartes Ding \u2013 Weiser Mensch<\/a><\/li>\n\n\n\n<li><a href=\"https:\/\/miao-fa.de\/verantwortung-uebernehmen-statt-lamentieren\/\" data-type=\"post\" data-id=\"277\">Verantwortung \u00fcbernehmen statt lamentieren<\/a><\/li>\n\n\n\n<li><a href=\"https:\/\/miao-fa.de\/dharmafreude-statt-sinnesfreuden\/\" data-type=\"post\" data-id=\"683\">Dharmafreunde statt Sinnesfreuden<\/a><\/li>\n\n\n\n<li><a href=\"https:\/\/miao-fa.de\/en\/keine-geburt-kein-tod\/\" data-type=\"post\" data-id=\"695\">Keine Geburt, kein Tod<\/a><\/li>\n\n\n\n<li><a href=\"https:\/\/miao-fa.de\/en\/mit-mut-und-ausdauer-ans-ziel\/\" data-type=\"post\" data-id=\"259\">Mit Mut und Ausdauer ans Ziel<\/a><\/li>\n\n\n\n<li><a href=\"https:\/\/miao-fa.de\/fragen-an-eine-buddhistische-nonne-vielfalt\/\" data-type=\"post\" data-id=\"702\">Vielfalt und Buddhanatur<\/a><\/li>\n\n\n\n<li><a href=\"https:\/\/miao-fa.de\/en\/schueler-von-bodhisattva-avalokitesvara\/\" data-type=\"post\" data-id=\"274\">Sch\u00fcler von Avalokitesvara<\/a><\/li>\n\n\n\n<li><a href=\"https:\/\/miao-fa.de\/tod-trauer-sterbebegleitung-im-buddhismus\/\" data-type=\"post\" data-id=\"710\">Tod und Trauer im Buddhismus<\/a><\/li>\n\n\n\n<li><a href=\"https:\/\/miao-fa.de\/en\/metta-meditation\/\" data-type=\"post\" data-id=\"308\">Metta Meditation<\/a><\/li>\n\n\n\n<li><a href=\"https:\/\/miao-fa.de\/respekt-in-der-buddhistischen-alltagspraxis\/\" data-type=\"post\" data-id=\"267\">Respekt in der buddhistischen Alltagspraxis<\/a><\/li>\n<\/ul>\n\n<h2 class=\"wp-block-heading\">3. Artikel von Chan-Meister Wei Chueh<\/h2>\n\n<figure class=\"wp-block-image size-large\"><img data-dominant-color=\"8f8b6c\" data-has-transparency=\"false\" loading=\"lazy\" decoding=\"async\" width=\"721\" height=\"1024\" sizes=\"auto, (max-width: 620px) 100vw, 620px\" src=\"https:\/\/miao-fa.de\/wp-content\/uploads\/2025\/11\/06-Meister-1-721x1024.avif\" alt=\"\" class=\"wp-image-633 not-transparent\" style=\"--dominant-color: #8f8b6c; aspect-ratio:1;object-fit:cover\" srcset=\"https:\/\/miao-fa.de\/wp-content\/uploads\/2025\/11\/06-Meister-1-721x1024.avif 721w, https:\/\/miao-fa.de\/wp-content\/uploads\/2025\/11\/06-Meister-1-211x300.avif 211w, https:\/\/miao-fa.de\/wp-content\/uploads\/2025\/11\/06-Meister-1-768x1091.avif 768w, https:\/\/miao-fa.de\/wp-content\/uploads\/2025\/11\/06-Meister-1-1081x1536.avif 1081w, https:\/\/miao-fa.de\/wp-content\/uploads\/2025\/11\/06-Meister-1.avif 1242w\" \/><figcaption class=\"wp-element-caption\">Chan-Meister Wei Chueh \u7dad\u89ba\u8001\u548c\u5c1a wurde 1926 in China geboren. In Taiwan gr\u00fcndete er zun\u00e4chst das Kloster LingQuan und sp\u00e4ter das ber\u00fchmte Chan-Kloster Chung Tai. Seine Lehren und sein Wirken inspirierten tausende Sch\u00fcler und er galt als einer der gro\u00dfen gegenw\u00e4rtigen Chan-Meister. 2016 ging er ins Nirvana ein.   <\/figcaption><\/figure>\n\n<ul class=\"wp-block-list\">\n<li><a href=\"https:\/\/miao-fa.de\/die-vier-grenzenlosen-geisteszustaende-von-chan-meister-wei-chueh\/\" data-type=\"post\" data-id=\"722\">Die vier grenzenlosen Geisteszust\u00e4nde<\/a><\/li>\n\n\n\n<li><a href=\"https:\/\/miao-fa.de\/en\/ertragen-beguenstigt-konzentration-und-weisheit\/\" data-type=\"post\" data-id=\"731\">Ertragen beg\u00fcnstigt Konzentration und Weisheit<\/a><\/li>\n<\/ul>\n\n<h2 class=\"wp-block-heading\">4. Sonstige Artikel<\/h2>\n\n<ul class=\"wp-block-list\">\n<li><a href=\"https:\/\/miao-fa.de\/die-bedeutung-von-moenchen-und-nonnen-in-der-modernen-welt\/\" data-type=\"post\" data-id=\"284\">Ehrw. Thubten Chodron: Die Bedeutung von M\u00f6nchen und Nonnen in der modernen Welt<\/a><\/li>\n\n\n\n<li><a href=\"https:\/\/miao-fa.de\/redegewandtheit-buddhas-lehren-gegen-schmeichelei-taeuschung-und-leeres-geschwaetz\/\" data-type=\"post\" data-id=\"771\">Shifu Shuman: Redegewandtheit<\/a><\/li>\n\n\n\n<li><a href=\"https:\/\/miao-fa.de\/wie-man-mit-dem-verblendeten-geist-umgeht-eine-chinesische-tiantai-perspektive\/\" data-type=\"post\" data-id=\"780\"><\/a><a href=\"https:\/\/miao-fa.de\/wie-man-mit-dem-verblendeten-geist-umgeht-eine-chinesische-tiantai-perspektive\/\"><em>Shifu Shuman<\/em>: Wie man mit dem verblendeten Geist umgeht. Eine Tiantai Perspektive<\/a> <\/li>\n<\/ul>\n\n<h2 class=\"wp-block-heading\">5. Liturgien und Verse<\/h2>\n\n<ul class=\"wp-block-list\">\n<li><a href=\"https:\/\/miao-fa.de\/das-mantra-des-grossen-mitgefuehls\/\" data-type=\"post\" data-id=\"303\">Das gro\u00dfe Mitgef\u00fchlsmantra<\/a><\/li>\n\n\n\n<li><a href=\"https:\/\/miao-fa.de\/das-midizinbuddha-und-amitaba-mantra\/\" data-type=\"post\" data-id=\"788\">Medizinbuddha Mantra &amp; Amitabha Buddha Mantra<\/a><\/li>\n\n\n\n<li><a href=\"https:\/\/miao-fa.de\/wp-content\/uploads\/2025\/11\/Liturgie-A5-Single-Page5.pdf\" data-type=\"attachment\" data-id=\"888\">Liturgienheft Miao Fa Zentrum (PDF)<\/a><\/li>\n\n\n\n<li><a href=\"https:\/\/miao-fa.de\/wp-content\/uploads\/2025\/10\/Verdienstuebertragung.pdf\" data-type=\"attachment\" data-id=\"231\" target=\"_blank\" rel=\"noreferrer noopener\">\u00dcbertragung der Verdienste (PDF)<\/a><\/li>\n\n\n\n<li><a href=\"https:\/\/miao-fa.de\/essensverse\/\" data-type=\"post\" data-id=\"882\">Essensverse<\/a><\/li>\n\n\n\n<li><a href=\"https:\/\/miao-fa.de\/essendsdarbietung-pinyin\/\" data-type=\"post\" data-id=\"211\">Essensdarbietung (Pinyin)<\/a><\/li>\n\n\n\n<li><a href=\"http:\/\/new.miao-fa.de\/das-prajna-paramita-herz-sutra\/\" data-type=\"post\" data-id=\"289\"><\/a><a href=\"https:\/\/miao-fa.de\/wp-content\/uploads\/2025\/10\/Herzsutra-2S-V5.pdf\" data-type=\"attachment\" data-id=\"225\" target=\"_blank\" rel=\"noreferrer noopener\">Das Prajna Paramita Herz Sutra (PDF)<\/a><\/li>\n<\/ul>\n\n<h2 class=\"wp-block-heading\">6. B\u00fccher<\/h2>\n\n<ul class=\"wp-block-list\">\n<li><a href=\"https:\/\/miao-fa.de\/wp-content\/uploads\/2025\/11\/ALL-UNSER-HANDELN-ZAeHLT.pdf\" data-type=\"attachment\" data-id=\"797\" target=\"_blank\" rel=\"noreferrer noopener\">Ehrw. Wuling: All unser Handeln z\u00e4hlt (PDF)<\/a><\/li>\n\n\n\n<li><a href=\"https:\/\/miao-fa.de\/wp-content\/uploads\/2025\/11\/DAS-ERWACHEN-DES-INNEREN-BUDDHAS.pdf\" data-type=\"attachment\" data-id=\"798\" target=\"_blank\" rel=\"noreferrer noopener\">Ehrw. Wuling: Erwachen zum Inneren Buddha (PDF)<\/a><\/li>\n\n\n\n<li><a href=\"https:\/\/miao-fa.de\/wp-content\/uploads\/2025\/11\/Respekt-in-der-buddhistischen-Alltagspraxis.pdf\" data-type=\"attachment\" data-id=\"799\" target=\"_blank\" rel=\"noreferrer noopener\">Shifu Simplicity: Respekt in der buddhistischen Alltagspraxis (PDF)<\/a><\/li>\n\n\n\n<li><a href=\"https:\/\/miao-fa.de\/wp-content\/uploads\/2025\/11\/Broschuere-VEGETARISMUS.pdf\" data-type=\"attachment\" data-id=\"823\" target=\"_blank\" rel=\"noreferrer noopener\">Shifu Simplicity: Vegetarismus im Mahayana Buddhismus (PDF)<\/a><\/li>\n<\/ul>\n","protected":false},"excerpt":{"rendered":"<p>1. Sutren und Texte alter Meister 2. Artikel Shifu Simplicity 3. Artikel von Chan-Meister Wei Chueh 4. Sonstige Artikel 5. Liturgien und Verse 6. B\u00fccher<\/p>\n","protected":false},"author":1,"featured_media":1081,"parent":0,"menu_order":0,"comment_status":"closed","ping_status":"closed","template":"","meta":{"footnotes":""},"class_list":["post-1093","page","type-page","status-publish","has-post-thumbnail","hentry"],"_links":{"self":[{"href":"https:\/\/miao-fa.de\/en\/wp-json\/wp\/v2\/pages\/1093","targetHints":{"allow":["GET"]}}],"collection":[{"href":"https:\/\/miao-fa.de\/en\/wp-json\/wp\/v2\/pages"}],"about":[{"href":"https:\/\/miao-fa.de\/en\/wp-json\/wp\/v2\/types\/page"}],"author":[{"embeddable":true,"href":"https:\/\/miao-fa.de\/en\/wp-json\/wp\/v2\/users\/1"}],"replies":[{"embeddable":true,"href":"https:\/\/miao-fa.de\/en\/wp-json\/wp\/v2\/comments?post=1093"}],"version-history":[{"count":5,"href":"https:\/\/miao-fa.de\/en\/wp-json\/wp\/v2\/pages\/1093\/revisions"}],"predecessor-version":[{"id":1449,"href":"https:\/\/miao-fa.de\/en\/wp-json\/wp\/v2\/pages\/1093\/revisions\/1449"}],"wp:featuredmedia":[{"embeddable":true,"href":"https:\/\/miao-fa.de\/en\/wp-json\/wp\/v2\/media\/1081"}],"wp:attachment":[{"href":"https:\/\/miao-fa.de\/en\/wp-json\/wp\/v2\/media?parent=1093"}],"curies":[{"name":"wp","href":"https:\/\/api.w.org\/{rel}","templated":true}]}}